{"id":19,"date":"2024-02-06T16:01:02","date_gmt":"2024-02-06T15:01:02","guid":{"rendered":"https:\/\/a4439bgaye.preview.infomaniak.website\/?page_id=19"},"modified":"2024-08-06T11:26:57","modified_gmt":"2024-08-06T09:26:57","slug":"capsules","status":"publish","type":"page","link":"https:\/\/racommunication.ch\/de\/capsules\/","title":{"rendered":"Kapseln"},"content":{"rendered":"<p>[et_pb_section fb_built=\u00a0\u00bb1&Prime; _builder_version=\u00a0\u00bb4.25.1&Prime; _module_preset=\u00a0\u00bbdefault\u00a0\u00bb background_color=\u00a0\u00bb#FFFFFF\u00a0\u00bb background_enable_image=\u00a0\u00bboff\u00a0\u00bb parallax=\u00a0\u00bbon\u00a0\u00bb parallax_method=\u00a0\u00bboff\u00a0\u00bb custom_margin=\u00a0\u00bb0px||0px||false|false\u00a0\u00bb custom_padding=\u00a0\u00bb0px||0px||false|false\u00a0\u00bb global_colors_info=\u00a0\u00bb{}\u00a0\u00bb][et_pb_row column_structure=\u00a0\u00bb1_2,1_2&Prime; use_custom_gutter=\u00a0\u00bbon\u00a0\u00bb _builder_version=\u00a0\u00bb4.26.0&Prime; _module_preset=\u00a0\u00bbdefault\u00a0\u00bb background_color=\u00a0\u00bb#FFFFFF\u00a0\u00bb background_enable_image=\u00a0\u00bboff\u00a0\u00bb background_size=\u00a0\u00bbinitial\u00a0\u00bb background_position=\u00a0\u00bbbottom_center\u00a0\u00bb background_vertical_offset=\u00a0\u00bb13%\u00a0\u00bb background_repeat=\u00a0\u00bbrepeat-x\u00a0\u00bb width=\u00a0\u00bb90%\u00a0\u00bb max_width=\u00a0\u00bb2560px\u00a0\u00bb custom_padding=\u00a0\u00bb30px|0vw|30px|0vw|true|true\u00a0\u00bb locked=\u00a0\u00bboff\u00a0\u00bb global_colors_info=\u00a0\u00bb{}\u00a0\u00bb][et_pb_column type=\u00a0\u00bb1_2&Prime; _builder_version=\u00a0\u00bb4.25.1&Prime; _module_preset=\u00a0\u00bbdefault\u00a0\u00bb global_colors_info=\u00a0\u00bb{}\u00a0\u00bb][et_pb_text _builder_version=\u00a0\u00bb4.27.0&Prime; _module_preset=\u00a0\u00bbdefault\u00a0\u00bb text_text_color=\u00a0\u00bb#000000&Prime; text_font_size=\u00a0\u00bb0.9vw\u00a0\u00bb header_font_size=\u00a0\u00bb1.5vw\u00a0\u00bb header_2_font=\u00a0\u00bb||||||||\u00a0\u00bb header_2_text_color=\u00a0\u00bb#000000&Prime; header_2_font_size=\u00a0\u00bb60px\u00a0\u00bb header_2_letter_spacing=\u00a0\u00bb-2px\u00a0\u00bb header_3_text_color=\u00a0\u00bb#000000&Prime; header_3_font_size=\u00a0\u00bb18px\u00a0\u00bb header_3_letter_spacing=\u00a0\u00bb-1px\u00a0\u00bb text_orientation=\u00a0\u00bbjustified\u00a0\u00bb custom_margin=\u00a0\u00bb||-2px|||\u00a0\u00bb custom_padding=\u00a0\u00bb4vh||0vh||false|false\u00a0\u00bb hover_enabled=\u00a0\u00bb0&Prime; text_font_size_tablet=\u00a0\u00bb2vw\u00a0\u00bb text_font_size_phone=\u00a0\u00bb4vw\u00a0\u00bb text_font_size_last_edited=\u00a0\u00bbon|phone\u00a0\u00bb header_font_size_tablet=\u00a0\u00bb5vw\u00a0\u00bb header_font_size_phone=\u00a0\u00bb7vw\u00a0\u00bb header_font_size_last_edited=\u00a0\u00bbon|phone\u00a0\u00bb header_2_font_size_tablet=\u00a0\u00bb60px\u00a0\u00bb header_2_font_size_phone=\u00a0\u00bb8vw\u00a0\u00bb header_2_font_size_last_edited=\u00a0\u00bbon|phone\u00a0\u00bb global_colors_info=\u00a0\u00bb{}\u00a0\u00bb sticky_enabled=\u00a0\u00bb0&Prime;]<\/p>\n<h2>RA-COMMUNICATION<\/h2>\n<h1>CAPSULES<\/h1>\n<p><strong>Expertise et Innovation<\/strong><\/p>\n<p>RA-Communication, votre consultant de confiance, sp\u00e9cialis\u00e9 dans les capsules pour les vins et spiritueux. Avec une gamme compl\u00e8te de capsules en \u00e9tain, aluminium, complexe-aluminium, capsules e-CAP, capsules \u00e0 vis ainsi que des capsules PVC ou PET, nous vous offrons des solutions adapt\u00e9es \u00e0 tous vos besoins de conditionnement.<\/p>\n<p>&nbsp;<\/p>\n<h4>Pourquoi nous choisir ?<\/h4>\n<p>Nous proposons une vaste s\u00e9lection de capsules de nos producteurs pour r\u00e9pondre \u00e0 tous vos besoins de bouchage et surbouchage, quels que soient le type de vin ou de spiritueux.<\/p>\n<p>Tous nos produits sont rigoureusement s\u00e9lectionn\u00e9s depuis les gammes de nos fabricants pour leur qualit\u00e9 et leur performance. Nous collaborons avec les meilleurs fabricants pour vous garantir des capsules fiables et esth\u00e9tiques.<\/p>\n<p>Nous offrons des options de personnalisation pour que vos capsules refl\u00e8tent parfaitement l&rsquo;identit\u00e9 de votre marque. Couleurs, logos, finitions : chaque d\u00e9tail compte.<\/p>\n<p>Adriano Rizzi est \u00e0 votre \u00e9coute pour vous conseiller et vous accompagner dans le choix des capsules les plus adapt\u00e9es \u00e0 vos besoins.<\/p>\n<p>Notre sommes \u00e9galement r\u00e9put\u00e9s pour le respects des d\u00e9lais de livraisons.<\/p>\n<p>Votre satisfaction est notre priorit\u00e9.<\/p>\n<p>&nbsp;<\/p>\n<h4>Contactez-nous<\/h4>\n<p>Pour en savoir plus sur nos produits ou pour discuter de votre projet, n&rsquo;h\u00e9sitez pas \u00e0 nous contacter. Nous serons ravis de vous aider \u00e0 trouver la solution de bouchage parfaite pour vos vins et spiritueux, contribuer \u00e0 la r\u00e9ussite de votre marque.<\/p>\n<p>[\/et_pb_text][et_pb_button button_url=\u00a0\u00bb@ET-DC@eyJkeW5hbWljIjp0cnVlLCJjb250ZW50IjoicG9zdF9saW5rX3VybF9wYWdlIiwic2V0dGluZ3MiOnsicG9zdF9pZCI6IjI3In19@\u00a0\u00bb button_text=\u00a0\u00bbInt\u00e9ress\u00e9(e), nous contacter\u00a0\u00bb button_alignment=\u00a0\u00bbcenter\u00a0\u00bb _builder_version=\u00a0\u00bb4.26.0&Prime; _dynamic_attributes=\u00a0\u00bbbutton_url\u00a0\u00bb _module_preset=\u00a0\u00bbdefault\u00a0\u00bb custom_button=\u00a0\u00bbon\u00a0\u00bb button_text_size=\u00a0\u00bb14px\u00a0\u00bb button_text_color=\u00a0\u00bb#FFFFFF\u00a0\u00bb button_bg_color=\u00a0\u00bb#000000&Prime; button_border_width=\u00a0\u00bb0px\u00a0\u00bb button_icon=\u00a0\u00bb&#x24;||divi||400&Prime; button_icon_color=\u00a0\u00bb#FFFFFF\u00a0\u00bb button_on_hover=\u00a0\u00bboff\u00a0\u00bb custom_margin=\u00a0\u00bb30px||30px||true|false\u00a0\u00bb custom_padding=\u00a0\u00bb8px|109px|8px|99px|true|false\u00a0\u00bb global_colors_info=\u00a0\u00bb{}\u00a0\u00bb button_text_color__hover_enabled=\u00a0\u00bbon|hover\u00a0\u00bb button_text_color__hover=\u00a0\u00bb#63C8A6&Prime; button_icon_color__hover_enabled=\u00a0\u00bbon|hover\u00a0\u00bb button_icon_color__hover=\u00a0\u00bb#63C8A6&Prime;][\/et_pb_button][\/et_pb_column][et_pb_column type=\u00a0\u00bb1_2&Prime; _builder_version=\u00a0\u00bb4.26.0&Prime; _module_preset=\u00a0\u00bbdefault\u00a0\u00bb custom_padding=\u00a0\u00bb10vh||||false|false\u00a0\u00bb custom_padding_tablet=\u00a0\u00bb0vh||||false|false\u00a0\u00bb custom_padding_phone=\u00a0\u00bb0vh||||false|false\u00a0\u00bb custom_padding_last_edited=\u00a0\u00bbon|phone\u00a0\u00bb global_colors_info=\u00a0\u00bb{}\u00a0\u00bb][et_pb_text _builder_version=\u00a0\u00bb4.26.0&Prime; _module_preset=\u00a0\u00bbdefault\u00a0\u00bb header_font=\u00a0\u00bb|||on|||||\u00a0\u00bb header_2_font=\u00a0\u00bb|||on|||||\u00a0\u00bb header_3_font=\u00a0\u00bb|||on|||||\u00a0\u00bb header_3_text_align=\u00a0\u00bbcenter\u00a0\u00bb global_colors_info=\u00a0\u00bb{}\u00a0\u00bb]<\/p>\n<h3>Exemples de r\u00e9alisations<\/h3>\n<p>[\/et_pb_text][et_pb_gallery gallery_ids=\u00a0\u00bb137,138,140,139&Prime; gallery_orderby=\u00a0\u00bbrand\u00a0\u00bb fullwidth=\u00a0\u00bbon\u00a0\u00bb _builder_version=\u00a0\u00bb4.26.0&Prime; _module_preset=\u00a0\u00bbdefault\u00a0\u00bb title_text_align=\u00a0\u00bbcenter\u00a0\u00bb caption_text_align=\u00a0\u00bbcenter\u00a0\u00bb global_colors_info=\u00a0\u00bb{}\u00a0\u00bb][\/et_pb_gallery][et_pb_button button_url=\u00a0\u00bb\/realisations\/#Z399&Prime; button_text=\u00a0\u00bbplus de r\u00e9alisations dans ce domaine\u00a0\u00bb button_alignment=\u00a0\u00bbcenter\u00a0\u00bb _builder_version=\u00a0\u00bb4.26.0&Prime; _module_preset=\u00a0\u00bbdefault\u00a0\u00bb custom_button=\u00a0\u00bbon\u00a0\u00bb button_text_size=\u00a0\u00bb14px\u00a0\u00bb button_text_color=\u00a0\u00bb#FFFFFF\u00a0\u00bb button_bg_color=\u00a0\u00bb#000000&Prime; button_border_width=\u00a0\u00bb0px\u00a0\u00bb button_icon=\u00a0\u00bb&#x24;||divi||400&Prime; button_icon_color=\u00a0\u00bb#FFFFFF\u00a0\u00bb button_on_hover=\u00a0\u00bboff\u00a0\u00bb custom_margin=\u00a0\u00bb||||false|false\u00a0\u00bb custom_padding=\u00a0\u00bb8px|109px|8px|99px|true|false\u00a0\u00bb global_colors_info=\u00a0\u00bb{}\u00a0\u00bb button_text_color__hover_enabled=\u00a0\u00bbon|hover\u00a0\u00bb button_text_color__hover=\u00a0\u00bb#63C8A6&Prime; button_icon_color__hover_enabled=\u00a0\u00bbon|hover\u00a0\u00bb button_icon_color__hover=\u00a0\u00bb#63C8A6&Prime;][\/et_pb_button][et_pb_image src=\u00a0\u00bbhttps:\/\/racommunication.ch\/wp-content\/uploads\/2024\/05\/case-capsules.jpg\u00a0\u00bb alt=\u00a0\u00bbcase capsules\u00a0\u00bb title_text=\u00a0\u00bbcase capsules\u00a0\u00bb _builder_version=\u00a0\u00bb4.26.0&Prime; _module_preset=\u00a0\u00bbdefault\u00a0\u00bb global_colors_info=\u00a0\u00bb{}\u00a0\u00bb][\/et_pb_image][\/et_pb_column][\/et_pb_row][\/et_pb_section]<\/p>\n","protected":false},"excerpt":{"rendered":"<p>RA-COMMUNICATION CAPSULES Expertise et Innovation RA-Communication, votre consultant de confiance, sp\u00e9cialis\u00e9 dans les capsules pour les vins et spiritueux. Avec une gamme compl\u00e8te de capsules en \u00e9tain, aluminium, complexe-aluminium, capsules e-CAP, capsules \u00e0 vis ainsi que des capsules PVC ou PET, nous vous offrons des solutions adapt\u00e9es \u00e0 tous vos besoins de conditionnement. &nbsp; Pourquoi [&hellip;]<\/p>\n","protected":false},"author":1,"featured_media":0,"parent":0,"menu_order":33,"comment_status":"closed","ping_status":"closed","template":"","meta":{"_et_pb_use_builder":"on","_et_pb_old_content":"<!-- wp:divi\/placeholder \/-->","_et_gb_content_width":"","footnotes":""},"class_list":["post-19","page","type-page","status-publish","hentry"],"_links":{"self":[{"href":"https:\/\/racommunication.ch\/de\/wp-json\/wp\/v2\/pages\/19","targetHints":{"allow":["GET"]}}],"collection":[{"href":"https:\/\/racommunication.ch\/de\/wp-json\/wp\/v2\/pages"}],"about":[{"href":"https:\/\/racommunication.ch\/de\/wp-json\/wp\/v2\/types\/page"}],"author":[{"embeddable":true,"href":"https:\/\/racommunication.ch\/de\/wp-json\/wp\/v2\/users\/1"}],"replies":[{"embeddable":true,"href":"https:\/\/racommunication.ch\/de\/wp-json\/wp\/v2\/comments?post=19"}],"version-history":[{"count":17,"href":"https:\/\/racommunication.ch\/de\/wp-json\/wp\/v2\/pages\/19\/revisions"}],"predecessor-version":[{"id":634,"href":"https:\/\/racommunication.ch\/de\/wp-json\/wp\/v2\/pages\/19\/revisions\/634"}],"wp:attachment":[{"href":"https:\/\/racommunication.ch\/de\/wp-json\/wp\/v2\/media?parent=19"}],"curies":[{"name":"wp","href":"https:\/\/api.w.org\/{rel}","templated":true}]}}